{"id":176,"date":"2024-04-25T10:16:18","date_gmt":"2024-04-25T15:16:18","guid":{"rendered":"https:\/\/lipo360corona.com\/es\/?page_id=176"},"modified":"2025-05-12T10:17:43","modified_gmt":"2025-05-12T15:17:43","slug":"gracias-por-su-consulta","status":"publish","type":"page","link":"https:\/\/lipo360corona.com\/es\/gracias-por-su-consulta\/","title":{"rendered":"Gracias por su consulta"},"content":{"rendered":"\n<p>Estamos procesando su solicitud. No dude en <a href=\"https:\/\/savings.estrellaaesthetics.com\/products\/deposit-to-book-consultation-surgeon\" target=\"_blank\" rel=\"noreferrer noopener\">reservar una cita con uno de nuestros cirujanos est\u00e9ticos certificados<\/a>. Un miembro de nuestro equipo se pondr\u00e1 en contacto con usted para hablar sobre sus necesidades est\u00e9ticas.<\/p>\n\n\n\n<p>Si tiene alguna pregunta, puede llamarnos en cualquier momento durante el horario de atenci\u00f3n al <a href=\"tel:+19513561210\">(951) 356-1210<\/a>.<\/p>\n\n\n\n<h3 class=\"wp-block-heading\">Reserve su cita con nuestros cirujanos est\u00e9ticos certificados<\/h3>\n\n\n\n<p>Seleccione su cirujano est\u00e9tico certificado preferido en el men\u00fa desplegable o elija &#8220;sin preferencia&#8221; si desea que le sugerimos la mejor opci\u00f3n.<\/p>\n\n\n\n<div id='product-component-1740148143353'><\/div>\n<script type=\"text\/javascript\">\n\/*<![CDATA[*\/\n(function () {\n  var scriptURL = 'https:\/\/sdks.shopifycdn.com\/buy-button\/latest\/buy-button-storefront.min.js';\n  if (window.ShopifyBuy) {\n    if (window.ShopifyBuy.UI) {\n      ShopifyBuyInit();\n    } else {\n      loadScript();\n    }\n  } else {\n    loadScript();\n  }\n  function loadScript() {\n    var script = document.createElement('script');\n    script.async = true;\n    script.src = scriptURL;\n    (document.getElementsByTagName('head')[0] || document.getElementsByTagName('body')[0]).appendChild(script);\n    script.onload = ShopifyBuyInit;\n  }\n  function ShopifyBuyInit() {\n    var client = ShopifyBuy.buildClient({\n      domain: 'estrella-aesthetics-surgical-arts.myshopify.com',\n      storefrontAccessToken: '0628092cbf13eef88781c339993093c4',\n    });\n    ShopifyBuy.UI.onReady(client).then(function (ui) {\n      ui.createComponent('product', {\n        id: '7951043264765',\n        node: document.getElementById('product-component-1740148143353'),\n        moneyFormat: '%24%7B%7Bamount%7D%7D',\n        options: {\n  \"product\": {\n    \"styles\": {\n      \"product\": {\n        \"@media (min-width: 601px)\": {\n          \"max-width\": \"calc(25% - 20px)\",\n          \"margin-left\": \"20px\",\n          \"margin-bottom\": \"50px\"\n        },\n        \"carousel-button\": {\n          \"display\": \"none\"\n        }\n      },\n      \"button\": {\n        \":hover\": {\n          \"background-color\": \"#3f3f3f\"\n        },\n        \"background-color\": \"#252525\",\n        \":focus\": {\n          \"background-color\": \"#3f3f3f\"\n        },\n        \"border-radius\": \"0px\",\n        \"padding-left\": \"35px\",\n        \"padding-right\": \"35px\"\n      }\n    },\n    \"contents\": {\n      \"img\": false,\n      \"imgWithCarousel\": true\n    },\n    \"width\": \"580px\",\n    \"text\": {\n      \"button\": \"Add to cart\"\n    }\n  },\n  \"productSet\": {\n    \"styles\": {\n      \"products\": {\n        \"@media (min-width: 601px)\": {\n          \"margin-left\": \"-20px\"\n        }\n      }\n    }\n  },\n  \"modalProduct\": {\n    \"contents\": {\n      \"img\": false,\n      \"imgWithCarousel\": true,\n      \"button\": false,\n      \"buttonWithQuantity\": true\n    },\n    \"styles\": {\n      \"product\": {\n        \"@media (min-width: 601px)\": {\n          \"max-width\": \"100%\",\n          \"margin-left\": \"0px\",\n          \"margin-bottom\": \"0px\"\n        }\n      },\n      \"button\": {\n        \":hover\": {\n          \"background-color\": \"#3f3f3f\"\n        },\n        \"background-color\": \"#252525\",\n        \":focus\": {\n          \"background-color\": \"#3f3f3f\"\n        },\n        \"border-radius\": \"0px\",\n        \"padding-left\": \"35px\",\n        \"padding-right\": \"35px\"\n      }\n    },\n    \"text\": {\n      \"button\": \"Add to cart\"\n    }\n  },\n  \"option\": {},\n  \"cart\": {\n    \"styles\": {\n      \"button\": {\n        \":hover\": {\n          \"background-color\": \"#3f3f3f\"\n        },\n        \"background-color\": \"#252525\",\n        \":focus\": {\n          \"background-color\": \"#3f3f3f\"\n        },\n        \"border-radius\": \"0px\"\n      }\n    },\n    \"text\": {\n      \"total\": \"Subtotal\",\n      \"button\": \"Checkout\"\n    }\n  },\n  \"toggle\": {\n    \"styles\": {\n      \"toggle\": {\n        \"background-color\": \"#252525\",\n        \":hover\": {\n          \"background-color\": \"#3f3f3f\"\n        },\n        \":focus\": {\n          \"background-color\": \"#3f3f3f\"\n        }\n      }\n    }\n  }\n},\n      });\n    });\n  }\n})();\n\/*]]>*\/\n<\/script>\n","protected":false},"excerpt":{"rendered":"<p>Estamos procesando su solicitud. No dude en reservar una cita con uno de nuestros cirujanos est\u00e9ticos certificados. Un miembro de nuestro equipo se pondr\u00e1 en contacto con usted para hablar sobre sus necesidades est\u00e9ticas. Si tiene alguna pregunta, puede llamarnos en cualquier momento durante el horario de atenci\u00f3n al (951) 356-1210. Reserve su cita con&#8230; <a class=\"more-link\" href=\"https:\/\/lipo360corona.com\/es\/gracias-por-su-consulta\/\">[Read More]<\/a><\/p>\n","protected":false},"author":2,"featured_media":0,"parent":0,"menu_order":0,"comment_status":"closed","ping_status":"closed","template":"templates\/page-landing.php","meta":{"_acf_changed":false,"inline_featured_image":false,"_uag_custom_page_level_css":"","_genesis_hide_title":false,"_genesis_hide_breadcrumbs":false,"_genesis_hide_singular_image":false,"_genesis_hide_footer_widgets":false,"_genesis_custom_body_class":"","_genesis_custom_post_class":"","_genesis_layout":"","footnotes":""},"class_list":{"0":"post-176","1":"page","2":"type-page","3":"status-publish","5":"entry"},"acf":[],"yoast_head":"<!-- This site is optimized with the Yoast SEO plugin v26.1.1 - https:\/\/yoast.com\/wordpress\/plugins\/seo\/ -->\n<title>Gracias por su consulta - Lipo 360 Corona<\/title>\n<meta name=\"robots\" content=\"index, follow, max-snippet:-1, max-image-preview:large, max-video-preview:-1\" \/>\n<link rel=\"canonical\" href=\"https:\/\/lipo360corona.com\/es\/gracias-por-su-consulta\/\" \/>\n<meta property=\"og:locale\" content=\"es_MX\" \/>\n<meta property=\"og:type\" content=\"article\" \/>\n<meta property=\"og:title\" content=\"Gracias por su consulta - Lipo 360 Corona\" \/>\n<meta property=\"og:description\" content=\"Estamos procesando su solicitud. No dude en reservar una cita con uno de nuestros cirujanos est\u00e9ticos certificados. Un miembro de nuestro equipo se pondr\u00e1 en contacto con usted para hablar sobre sus necesidades est\u00e9ticas. Si tiene alguna pregunta, puede llamarnos en cualquier momento durante el horario de atenci\u00f3n al (951) 356-1210. Reserve su cita con... [Read More]\" \/>\n<meta property=\"og:url\" content=\"https:\/\/lipo360corona.com\/es\/gracias-por-su-consulta\/\" \/>\n<meta property=\"og:site_name\" content=\"Lipo 360 Corona\" \/>\n<meta property=\"article:modified_time\" content=\"2025-05-12T15:17:43+00:00\" \/>\n<meta name=\"twitter:card\" content=\"summary_large_image\" \/>\n<meta name=\"twitter:label1\" content=\"Tiempo de lectura\" \/>\n\t<meta name=\"twitter:data1\" content=\"1 minuto\" \/>\n<script type=\"application\/ld+json\" class=\"yoast-schema-graph\">{\"@context\":\"https:\/\/schema.org\",\"@graph\":[{\"@type\":\"WebPage\",\"@id\":\"https:\/\/lipo360corona.com\/es\/gracias-por-su-consulta\/\",\"url\":\"https:\/\/lipo360corona.com\/es\/gracias-por-su-consulta\/\",\"name\":\"Gracias por su consulta - Lipo 360 Corona\",\"isPartOf\":{\"@id\":\"https:\/\/lipo360corona.com\/es\/#website\"},\"datePublished\":\"2024-04-25T15:16:18+00:00\",\"dateModified\":\"2025-05-12T15:17:43+00:00\",\"breadcrumb\":{\"@id\":\"https:\/\/lipo360corona.com\/es\/gracias-por-su-consulta\/#breadcrumb\"},\"inLanguage\":\"es-MX\",\"potentialAction\":[{\"@type\":\"ReadAction\",\"target\":[\"https:\/\/lipo360corona.com\/es\/gracias-por-su-consulta\/\"]}]},{\"@type\":\"BreadcrumbList\",\"@id\":\"https:\/\/lipo360corona.com\/es\/gracias-por-su-consulta\/#breadcrumb\",\"itemListElement\":[{\"@type\":\"ListItem\",\"position\":1,\"name\":\"Inicio\",\"item\":\"https:\/\/lipo360corona.com\/es\/\"},{\"@type\":\"ListItem\",\"position\":2,\"name\":\"Gracias por su consulta\"}]},{\"@type\":\"WebSite\",\"@id\":\"https:\/\/lipo360corona.com\/es\/#website\",\"url\":\"https:\/\/lipo360corona.com\/es\/\",\"name\":\"Lipo 360 Corona\",\"description\":\"Estrella Aesthetics &amp; Surgical Arts\",\"potentialAction\":[{\"@type\":\"SearchAction\",\"target\":{\"@type\":\"EntryPoint\",\"urlTemplate\":\"https:\/\/lipo360corona.com\/es\/?s={search_term_string}\"},\"query-input\":{\"@type\":\"PropertyValueSpecification\",\"valueRequired\":true,\"valueName\":\"search_term_string\"}}],\"inLanguage\":\"es-MX\"}]}<\/script>\n<!-- \/ Yoast SEO plugin. -->","yoast_head_json":{"title":"Gracias por su consulta - Lipo 360 Corona","robots":{"index":"index","follow":"follow","max-snippet":"max-snippet:-1","max-image-preview":"max-image-preview:large","max-video-preview":"max-video-preview:-1"},"canonical":"https:\/\/lipo360corona.com\/es\/gracias-por-su-consulta\/","og_locale":"es_MX","og_type":"article","og_title":"Gracias por su consulta - Lipo 360 Corona","og_description":"Estamos procesando su solicitud. No dude en reservar una cita con uno de nuestros cirujanos est\u00e9ticos certificados. Un miembro de nuestro equipo se pondr\u00e1 en contacto con usted para hablar sobre sus necesidades est\u00e9ticas. Si tiene alguna pregunta, puede llamarnos en cualquier momento durante el horario de atenci\u00f3n al (951) 356-1210. Reserve su cita con... [Read More]","og_url":"https:\/\/lipo360corona.com\/es\/gracias-por-su-consulta\/","og_site_name":"Lipo 360 Corona","article_modified_time":"2025-05-12T15:17:43+00:00","twitter_card":"summary_large_image","twitter_misc":{"Tiempo de lectura":"1 minuto"},"schema":{"@context":"https:\/\/schema.org","@graph":[{"@type":"WebPage","@id":"https:\/\/lipo360corona.com\/es\/gracias-por-su-consulta\/","url":"https:\/\/lipo360corona.com\/es\/gracias-por-su-consulta\/","name":"Gracias por su consulta - Lipo 360 Corona","isPartOf":{"@id":"https:\/\/lipo360corona.com\/es\/#website"},"datePublished":"2024-04-25T15:16:18+00:00","dateModified":"2025-05-12T15:17:43+00:00","breadcrumb":{"@id":"https:\/\/lipo360corona.com\/es\/gracias-por-su-consulta\/#breadcrumb"},"inLanguage":"es-MX","potentialAction":[{"@type":"ReadAction","target":["https:\/\/lipo360corona.com\/es\/gracias-por-su-consulta\/"]}]},{"@type":"BreadcrumbList","@id":"https:\/\/lipo360corona.com\/es\/gracias-por-su-consulta\/#breadcrumb","itemListElement":[{"@type":"ListItem","position":1,"name":"Inicio","item":"https:\/\/lipo360corona.com\/es\/"},{"@type":"ListItem","position":2,"name":"Gracias por su consulta"}]},{"@type":"WebSite","@id":"https:\/\/lipo360corona.com\/es\/#website","url":"https:\/\/lipo360corona.com\/es\/","name":"Lipo 360 Corona","description":"Estrella Aesthetics &amp; Surgical Arts","potentialAction":[{"@type":"SearchAction","target":{"@type":"EntryPoint","urlTemplate":"https:\/\/lipo360corona.com\/es\/?s={search_term_string}"},"query-input":{"@type":"PropertyValueSpecification","valueRequired":true,"valueName":"search_term_string"}}],"inLanguage":"es-MX"}]}},"uagb_featured_image_src":{"full":false,"thumbnail":false,"medium":false,"medium_large":false,"large":false,"1536x1536":false,"2048x2048":false,"gform-image-choice-sm":false,"gform-image-choice-md":false,"gform-image-choice-lg":false},"uagb_author_info":{"display_name":"support","author_link":"https:\/\/lipo360corona.com\/es\/author\/support\/"},"uagb_comment_info":0,"uagb_excerpt":"Estamos procesando su solicitud. No dude en reservar una cita con uno de nuestros cirujanos est\u00e9ticos certificados. Un miembro de nuestro equipo se pondr\u00e1 en contacto con usted para hablar sobre sus necesidades est\u00e9ticas. Si tiene alguna pregunta, puede llamarnos en cualquier momento durante el horario de atenci\u00f3n al (951) 356-1210. Reserve su cita con...&hellip;","_links":{"self":[{"href":"https:\/\/lipo360corona.com\/es\/wp-json\/wp\/v2\/pages\/176","targetHints":{"allow":["GET"]}}],"collection":[{"href":"https:\/\/lipo360corona.com\/es\/wp-json\/wp\/v2\/pages"}],"about":[{"href":"https:\/\/lipo360corona.com\/es\/wp-json\/wp\/v2\/types\/page"}],"author":[{"embeddable":true,"href":"https:\/\/lipo360corona.com\/es\/wp-json\/wp\/v2\/users\/2"}],"replies":[{"embeddable":true,"href":"https:\/\/lipo360corona.com\/es\/wp-json\/wp\/v2\/comments?post=176"}],"version-history":[{"count":0,"href":"https:\/\/lipo360corona.com\/es\/wp-json\/wp\/v2\/pages\/176\/revisions"}],"wp:attachment":[{"href":"https:\/\/lipo360corona.com\/es\/wp-json\/wp\/v2\/media?parent=176"}],"curies":[{"name":"wp","href":"https:\/\/api.w.org\/{rel}","templated":true}]}}